
{"id":654,"date":"2020-01-13T11:17:52","date_gmt":"2020-01-13T11:17:52","guid":{"rendered":"https:\/\/www.gestursrl.com\/home\/"},"modified":"2024-04-11T10:01:44","modified_gmt":"2024-04-11T10:01:44","slug":"home","status":"publish","type":"page","link":"https:\/\/www.gestursrl.com\/de\/","title":{"rendered":"Home"},"content":{"rendered":"\n<div class=\"wp-block-cover alignfull is-light has-parallax\" style=\"min-height:700px;aspect-ratio:unset;\"><span aria-hidden=\"true\" class=\"wp-block-cover__background has-background-dim-0 has-background-dim\"><\/span><div class=\"wp-block-cover__image-background wp-image-431 has-parallax\" style=\"background-position:50% 50%;background-image:url(https:\/\/www.gestursrl.com\/wp-content\/uploads\/2024\/03\/Aerea-da-Michela-28mar23-1.jpg)\"><\/div><div class=\"wp-block-cover__inner-container is-layout-flow wp-block-cover-is-layout-flow\"><div class=\"wp-block-image\">\n<figure class=\"aligncenter size-full\"><a href=\"https:\/\/www.gestursrl.com\/wp-content\/uploads\/2024\/03\/Gestur-200px-white0.png\"><img loading=\"lazy\" decoding=\"async\" width=\"401\" height=\"127\" src=\"https:\/\/www.gestursrl.com\/wp-content\/uploads\/2024\/03\/Gestur-200px-white0.png\" alt=\"\" class=\"wp-image-59\" srcset=\"https:\/\/www.gestursrl.com\/wp-content\/uploads\/2024\/03\/Gestur-200px-white0.png 401w, https:\/\/www.gestursrl.com\/wp-content\/uploads\/2024\/03\/Gestur-200px-white0-300x95.png 300w\" sizes=\"auto, (max-width: 401px) 100vw, 401px\" \/><\/a><\/figure><\/div>\n\n\n<h2 class=\"wp-block-heading has-text-align-center has-nv-site-bg-color has-text-color has-link-color wp-elements-4626174d7d45d98841687fe7505c7586\"><strong>Unser Gebiet ist die Insel Elba<\/strong><\/h2>\n<\/div><\/div>\n\n\n\n<div class=\"wp-block-cover alignfull\" style=\"min-height:600px;aspect-ratio:unset;\"><span aria-hidden=\"true\" class=\"wp-block-cover__background has-nv-light-bg-background-color has-background-dim-100 has-background-dim\"><\/span><div class=\"wp-block-cover__inner-container is-layout-flow wp-block-cover-is-layout-flow\">\n<div class=\"wp-block-group\"><div class=\"wp-block-group__inner-container is-layout-flow wp-block-group-is-layout-flow\">\n<div style=\"height:80px\" aria-hidden=\"true\" class=\"wp-block-spacer\"><\/div>\n\n\n\n<div class=\"wp-block-columns are-vertically-aligned-center is-layout-flex wp-container-core-columns-is-layout-9d6595d7 wp-block-columns-is-layout-flex\">\n<div class=\"wp-block-column is-vertically-aligned-center is-layout-flow wp-block-column-is-layout-flow\" style=\"flex-basis:50%\"><div class=\"wp-block-image\">\n<figure class=\"aligncenter size-full\"><a href=\"https:\/\/www.gestursrl.com\/wp-content\/uploads\/2024\/03\/dina-e-maurizio.jpg\"><img loading=\"lazy\" decoding=\"async\" width=\"610\" height=\"458\" src=\"https:\/\/www.gestursrl.com\/wp-content\/uploads\/2024\/03\/dina-e-maurizio.jpg\" alt=\"\" class=\"wp-image-378\" srcset=\"https:\/\/www.gestursrl.com\/wp-content\/uploads\/2024\/03\/dina-e-maurizio.jpg 610w, https:\/\/www.gestursrl.com\/wp-content\/uploads\/2024\/03\/dina-e-maurizio-300x225.jpg 300w\" sizes=\"auto, (max-width: 610px) 100vw, 610px\" \/><\/a><\/figure><\/div>\n\n\n<p class=\"has-text-align-center has-neve-text-color-color has-text-color has-link-color wp-elements-31972e051f8888412180031a69c342f0\"><em>Der Generaldirektor Maurizio Furio und die Mitarbeiterin Dina Peverelli.<\/em><\/p>\n<\/div>\n\n\n\n<div class=\"wp-block-column is-vertically-aligned-center is-layout-flow wp-block-column-is-layout-flow\" style=\"flex-basis:50%\">\n<h2 class=\"wp-block-heading has-text-align-left has-neve-text-color-color has-text-color has-large-font-size\"><strong>Wir sind auf Incoming auf Elba spezialisiert.<\/strong><\/h2>\n\n\n\n<p class=\"has-neve-text-color-color has-text-color has-link-color wp-elements-0a5ad679b0e19c5c019f85f9e7439498\">Wir nehmen Sie mit, um diese Insel kennen und lieben zu lernen, ihre Exklusivit\u00e4t zu achten und zu sch\u00e4tzen, denn sie ist reich an Geschichte, unber\u00fchrter Natur, abwechslungsreichen Landschaften, karibischem Meer, einem vielf\u00e4ltigen Angebot an Str\u00e4nden, ausgezeichneter Gastronomie und vielem mehr.<\/p>\n\n\n\n<p class=\"has-neve-text-color-color has-text-color has-link-color wp-elements-0a57349bd3c9e45daddc5d9adfc7b413\"><strong>Wir sind Gestur srl und unser B\u00fcro befindet sich am Flughafen in Marina di Campo.<\/strong><\/p>\n\n\n\n<p class=\"has-neve-text-color-color has-text-color has-link-color wp-elements-149d158d037445b4e7001a18d1e0f5ff\">Legen Sie Ihren Urlaub in unsere H\u00e4nde und wir werden Ihre Tage auf unserer Insel unvergesslich machen!<\/p>\n\n\n\n<div style=\"height:20px\" aria-hidden=\"true\" class=\"wp-block-spacer\"><\/div>\n<\/div>\n<\/div>\n\n\n\n<div style=\"height:40px\" aria-hidden=\"true\" class=\"wp-block-spacer\"><\/div>\n<\/div><\/div>\n<\/div><\/div>\n\n\n\n<div style=\"height:80px\" aria-hidden=\"true\" class=\"wp-block-spacer\"><\/div>\n\n\n\n<h2 class=\"wp-block-heading has-text-align-center\">Unsere Dienstleistungen sind vielf\u00e4ltig<\/h2>\n\n\n\n<div class=\"wp-block-columns is-layout-flex wp-container-core-columns-is-layout-9d6595d7 wp-block-columns-is-layout-flex\">\n<div class=\"wp-block-column is-layout-flow wp-block-column-is-layout-flow\">\n<div style=\"height:20px\" aria-hidden=\"true\" class=\"wp-block-spacer\"><\/div>\n\n\n<div class=\"wp-block-image\">\n<figure class=\"aligncenter size-full\"><a href=\"https:\/\/www.gestursrl.com\/wp-content\/uploads\/2024\/03\/booking-1.png\"><img loading=\"lazy\" decoding=\"async\" width=\"75\" height=\"75\" src=\"https:\/\/www.gestursrl.com\/wp-content\/uploads\/2024\/03\/booking-1.png\" alt=\"\" class=\"wp-image-387\"\/><\/a><\/figure><\/div>\n\n\n<h3 class=\"wp-block-heading has-text-align-center has-neve-text-color-color has-text-color\">Touristische Dienstleistungen<\/h3>\n\n\n\n<p class=\"has-text-align-center\">Reservierung von Aufenthalten in Hotels, Residenzen, Apartments.<\/p>\n\n\n\n<div style=\"height:20px\" aria-hidden=\"true\" class=\"wp-block-spacer\"><\/div>\n<\/div>\n\n\n\n<div class=\"wp-block-column is-layout-flow wp-block-column-is-layout-flow\">\n<div style=\"height:20px\" aria-hidden=\"true\" class=\"wp-block-spacer\"><\/div>\n\n\n<div class=\"wp-block-image\">\n<figure class=\"aligncenter size-full\"><a href=\"https:\/\/www.gestursrl.com\/wp-content\/uploads\/2024\/03\/house.png\"><img loading=\"lazy\" decoding=\"async\" width=\"75\" height=\"75\" src=\"https:\/\/www.gestursrl.com\/wp-content\/uploads\/2024\/03\/house.png\" alt=\"\" class=\"wp-image-388\"\/><\/a><\/figure><\/div>\n\n\n<h3 class=\"wp-block-heading has-text-align-center has-neve-text-color-color has-text-color\">Verwaltung von Immobilien und Wohnanlagen<\/h3>\n\n\n\n<p class=\"has-text-align-center\">Gestur wurde als Unternehmen gegr\u00fcndet, das sich auf die komplette schl\u00fcsselfertige Immobilienverwaltung.<\/p>\n\n\n\n<div style=\"height:20px\" aria-hidden=\"true\" class=\"wp-block-spacer\"><\/div>\n<\/div>\n\n\n\n<div class=\"wp-block-column is-layout-flow wp-block-column-is-layout-flow\">\n<div style=\"height:20px\" aria-hidden=\"true\" class=\"wp-block-spacer\"><\/div>\n\n\n<div class=\"wp-block-image\">\n<figure class=\"aligncenter size-full\"><a href=\"https:\/\/www.gestursrl.com\/wp-content\/uploads\/2024\/03\/airplane.png\"><img loading=\"lazy\" decoding=\"async\" width=\"75\" height=\"75\" src=\"https:\/\/www.gestursrl.com\/wp-content\/uploads\/2024\/03\/airplane.png\" alt=\"\" class=\"wp-image-389\"\/><\/a><\/figure><\/div>\n\n\n<h3 class=\"wp-block-heading has-text-align-center has-neve-text-color-color has-text-color\">Luftfahrtberatung<\/h3>\n\n\n\n<p class=\"has-text-align-center\">Unsere Erfahrung hat sich im Laufe der Jahre auf den Flugbetrieb in Nischenm\u00e4rkte konzentriert.<\/p>\n\n\n\n<div style=\"height:20px\" aria-hidden=\"true\" class=\"wp-block-spacer\"><\/div>\n<\/div>\n<\/div>\n\n\n\n<div class=\"wp-block-cover alignfull\" style=\"min-height:300px;aspect-ratio:unset;\"><span aria-hidden=\"true\" class=\"wp-block-cover__background has-nv-dark-bg-background-color has-background-dim-100 has-background-dim\"><\/span><div class=\"wp-block-cover__inner-container is-layout-flow wp-block-cover-is-layout-flow\">\n<div style=\"height:140px\" aria-hidden=\"true\" class=\"wp-block-spacer\"><\/div>\n\n\n\n<h2 class=\"wp-block-heading has-text-align-center has-nv-text-dark-bg-color has-text-color\">Kontaktieren Sie uns f\u00fcr weitere Informationen<\/h2>\n\n\n\n<div class=\"wp-block-buttons has-custom-font-size has-large-font-size is-horizontal is-content-justification-center is-layout-flex wp-container-core-buttons-is-layout-937ffba9 wp-block-buttons-is-layout-flex\">\n<div class=\"wp-block-button is-style-primary\"><a class=\"wp-block-button__link wp-element-button\" href=\"\/de\/kontakte\/\">KONTAKTE<\/a><\/div>\n<\/div>\n\n\n\n<div style=\"height:140px\" aria-hidden=\"true\" class=\"wp-block-spacer\"><\/div>\n<\/div><\/div>\n","protected":false},"excerpt":{"rendered":"<p>Unsere Dienstleistungen sind vielf\u00e4ltig Touristische Dienstleistungen Reservierung von Aufenthalten in Hotels, Residenzen, Apartments. Verwaltung von Immobilien und Wohnanlagen Gestur wurde als Unternehmen gegr\u00fcndet, das sich auf die komplette schl\u00fcsselfertige Immobilienverwaltung. Luftfahrtberatung Unsere Erfahrung hat sich im Laufe der Jahre auf den Flugbetrieb in Nischenm\u00e4rkte konzentriert.<\/p>\n","protected":false},"author":3,"featured_media":0,"parent":0,"menu_order":0,"comment_status":"closed","ping_status":"closed","template":"","meta":{"neve_meta_sidebar":"default","neve_meta_container":"default","neve_meta_enable_content_width":"on","neve_meta_content_width":100,"neve_meta_title_alignment":"","neve_meta_author_avatar":"","neve_post_elements_order":"","neve_meta_disable_header":"","neve_meta_disable_footer":"","neve_meta_disable_title":"on","_themeisle_gutenberg_block_has_review":false,"footnotes":""},"class_list":["post-654","page","type-page","status-publish","hentry"],"_links":{"self":[{"href":"https:\/\/www.gestursrl.com\/de\/wp-json\/wp\/v2\/pages\/654","targetHints":{"allow":["GET"]}}],"collection":[{"href":"https:\/\/www.gestursrl.com\/de\/wp-json\/wp\/v2\/pages"}],"about":[{"href":"https:\/\/www.gestursrl.com\/de\/wp-json\/wp\/v2\/types\/page"}],"author":[{"embeddable":true,"href":"https:\/\/www.gestursrl.com\/de\/wp-json\/wp\/v2\/users\/3"}],"replies":[{"embeddable":true,"href":"https:\/\/www.gestursrl.com\/de\/wp-json\/wp\/v2\/comments?post=654"}],"version-history":[{"count":4,"href":"https:\/\/www.gestursrl.com\/de\/wp-json\/wp\/v2\/pages\/654\/revisions"}],"predecessor-version":[{"id":718,"href":"https:\/\/www.gestursrl.com\/de\/wp-json\/wp\/v2\/pages\/654\/revisions\/718"}],"wp:attachment":[{"href":"https:\/\/www.gestursrl.com\/de\/wp-json\/wp\/v2\/media?parent=654"}],"curies":[{"name":"wp","href":"https:\/\/api.w.org\/{rel}","templated":true}]}}