
{"id":656,"date":"2024-03-27T14:17:57","date_gmt":"2024-03-27T14:17:57","guid":{"rendered":"https:\/\/www.gestursrl.com\/consulenza-aeronautica\/"},"modified":"2024-04-11T09:46:04","modified_gmt":"2024-04-11T09:46:04","slug":"luftfahrtberatung","status":"publish","type":"page","link":"https:\/\/www.gestursrl.com\/de\/luftfahrtberatung\/","title":{"rendered":"Luftfahrtberatung"},"content":{"rendered":"\n<div class=\"wp-block-cover alignfull\" style=\"min-height:300px;aspect-ratio:unset;\"><span aria-hidden=\"true\" class=\"wp-block-cover__background has-nv-site-bg-background-color has-background-dim-100 has-background-dim\"><\/span><div class=\"wp-block-cover__inner-container is-layout-flow wp-block-cover-is-layout-flow\">\n<div class=\"wp-block-group\"><div class=\"wp-block-group__inner-container is-layout-flow wp-block-group-is-layout-flow\">\n<h1 class=\"wp-block-heading has-text-align-left has-neve-text-color-color has-text-color\">Luftfahrtberatung<\/h1>\n<\/div><\/div>\n<\/div><\/div>\n\n\n\n<div class=\"wp-block-cover alignfull\" style=\"min-height:600px;aspect-ratio:unset;\"><span aria-hidden=\"true\" class=\"wp-block-cover__background has-nv-light-bg-background-color has-background-dim-100 has-background-dim\"><\/span><div class=\"wp-block-cover__inner-container is-layout-flow wp-block-cover-is-layout-flow\">\n<div class=\"wp-block-group\"><div class=\"wp-block-group__inner-container is-layout-flow wp-block-group-is-layout-flow\">\n<div style=\"height:80px\" aria-hidden=\"true\" class=\"wp-block-spacer\"><\/div>\n\n\n\n<div class=\"wp-block-columns are-vertically-aligned-center has-neve-text-color-color has-text-color is-layout-flex wp-container-core-columns-is-layout-9d6595d7 wp-block-columns-is-layout-flex\">\n<div class=\"wp-block-column is-vertically-aligned-center is-layout-flow wp-block-column-is-layout-flow\" style=\"flex-basis:50%\">\n<figure class=\"wp-block-image size-full\"><a href=\"https:\/\/www.gestursrl.com\/wp-content\/uploads\/2024\/03\/consulenza-areonautica.jpg\"><img loading=\"lazy\" decoding=\"async\" width=\"600\" height=\"600\" src=\"https:\/\/www.gestursrl.com\/wp-content\/uploads\/2024\/03\/consulenza-areonautica.jpg\" alt=\"\" class=\"wp-image-415\" srcset=\"https:\/\/www.gestursrl.com\/wp-content\/uploads\/2024\/03\/consulenza-areonautica.jpg 600w, https:\/\/www.gestursrl.com\/wp-content\/uploads\/2024\/03\/consulenza-areonautica-300x300.jpg 300w, https:\/\/www.gestursrl.com\/wp-content\/uploads\/2024\/03\/consulenza-areonautica-150x150.jpg 150w\" sizes=\"auto, (max-width: 600px) 100vw, 600px\" \/><\/a><\/figure>\n<\/div>\n\n\n\n<div class=\"wp-block-column is-vertically-aligned-center is-layout-flow wp-block-column-is-layout-flow\" style=\"flex-basis:50%\">\n<h3 class=\"wp-block-heading has-neve-text-color-color has-text-color\">Unsere Erfahrung hat sich im Laufe der Jahre auf den Flugbetrieb in Nischenm\u00e4rkte konzentriert..<\/h3>\n\n\n\n<p>Unsere Mission ist es, ein komplettes System von Dienstleistungen f\u00fcr Endkunden zu schaffen. Unsere Kunden sind: \u00d6ffentliche Einrichtungen, Verb\u00e4nde, Reiseb\u00fcros, Flugh\u00e4fen, Unternehmer, Unternehmen, Privatkunden: Jede Gemeinschaft, die Flugdienste ben\u00f6tigt, kann sich an uns wenden, ohne an etwas anderes denken zu m\u00fcssen, als uns die jeweiligen Bed\u00fcrfnisse zu erkl\u00e4ren. Es wird unsere Aufgabe sein, diese zu erf\u00fcllen.<\/p>\n\n\n\n<p>Wir entwickeln kurz-\/mittelfristige Projekte als Start-up, bieten Expertise und operative Unterst\u00fctzung in der Luftfahrt.<\/p>\n\n\n\n<p>Wir organisieren Privatfl\u00fcge in ganz Europa mit Executive-Flugzeugen.<\/p>\n\n\n\n<p>Wir stellen unser Know-how zur Verf\u00fcgung, um regelm\u00e4\u00dfige Flugketten einzurichten und k\u00f6nnen diese dank eines effizienten Buchungssystems, das mit den GDS (Amadeus) verbunden ist, weltweit buchbar machen. Wir verwalten den Flugbetrieb, schlie\u00dfen Vertr\u00e4ge \u00fcber die Bodenabfertigung mit den Flugh\u00e4fen ab, k\u00fcmmern uns um die Zuteilung von Zeitnischen und um die Beziehungen zu allen CAA in Europa.<\/p>\n<\/div>\n<\/div>\n\n\n\n<div style=\"height:40px\" aria-hidden=\"true\" class=\"wp-block-spacer\"><\/div>\n<\/div><\/div>\n<\/div><\/div>\n\n\n\n<div class=\"wp-block-cover alignfull\" style=\"min-height:600px;aspect-ratio:unset;\"><span aria-hidden=\"true\" class=\"wp-block-cover__background has-neve-link-color-background-color has-background-dim-100 has-background-dim\"><\/span><div class=\"wp-block-cover__inner-container is-layout-flow wp-block-cover-is-layout-flow\">\n<div class=\"wp-block-group\"><div class=\"wp-block-group__inner-container is-layout-flow wp-block-group-is-layout-flow\">\n<div style=\"height:80px\" aria-hidden=\"true\" class=\"wp-block-spacer\"><\/div>\n\n\n\n<div class=\"wp-block-columns are-vertically-aligned-center is-layout-flex wp-container-core-columns-is-layout-9d6595d7 wp-block-columns-is-layout-flex\">\n<div class=\"wp-block-column is-vertically-aligned-center is-layout-flow wp-block-column-is-layout-flow\" style=\"flex-basis:50%\">\n<h3 class=\"wp-block-heading has-nv-text-dark-bg-color has-text-color\">Zu unseren erfolgreichsten Erfahrungen in der Vergangenheit geh\u00f6rt die territoriale Kontinuit\u00e4t der Insel Elba von 2014 bis 2024 im Auftrag der beauftragten Fluggesellschaften, die ihren Flugbetrieb auf den Strecken von Mailand, Florenz, Pisa und Bologna zur Insel Elba verfolgen.<\/h3>\n\n\n\n<p class=\"has-nv-site-bg-color has-text-color has-link-color wp-elements-bf0050db04a0a455164aaeaa6fb9071d\">Unter den verschiedenen von uns bedienten M\u00e4rkten k\u00f6nnen wir auf eine langj\u00e4hrige Spezialisierung auf den Schweizer Markt und insbesondere auf das Tessin verweisen. Seit 2010 verbinden wir Lugano und die Insel Elba in der Sommersaison mit regelm\u00e4\u00dfigen Flugverbindungen.<\/p>\n\n\n\n<p class=\"has-nv-site-bg-color has-text-color has-link-color wp-elements-7be50f81fd8d919cad5c7bc3cf1f44a6\">Unser Partner F&amp;T Flights and Travels sagl aus Lugano mit B\u00fcros am Flughafen Agno f\u00fchrt Tour Operating-Aktivit\u00e4ten durch und bietet Flug+Aufenthaltspakete auf Elba an.<\/p>\n\n\n\n<div style=\"height:20px\" aria-hidden=\"true\" class=\"wp-block-spacer\"><\/div>\n<\/div>\n\n\n\n<div class=\"wp-block-column is-vertically-aligned-center is-layout-flow wp-block-column-is-layout-flow\" style=\"flex-basis:50%\">\n<figure class=\"wp-block-image size-full\"><a href=\"https:\/\/www.gestursrl.com\/wp-content\/uploads\/2024\/03\/lugano-airport.jpg\"><img loading=\"lazy\" decoding=\"async\" width=\"600\" height=\"600\" src=\"https:\/\/www.gestursrl.com\/wp-content\/uploads\/2024\/03\/lugano-airport.jpg\" alt=\"\" class=\"wp-image-417\" srcset=\"https:\/\/www.gestursrl.com\/wp-content\/uploads\/2024\/03\/lugano-airport.jpg 600w, https:\/\/www.gestursrl.com\/wp-content\/uploads\/2024\/03\/lugano-airport-300x300.jpg 300w, https:\/\/www.gestursrl.com\/wp-content\/uploads\/2024\/03\/lugano-airport-150x150.jpg 150w\" sizes=\"auto, (max-width: 600px) 100vw, 600px\" \/><\/a><\/figure>\n<\/div>\n<\/div>\n\n\n\n<div style=\"height:40px\" aria-hidden=\"true\" class=\"wp-block-spacer\"><\/div>\n<\/div><\/div>\n<\/div><\/div>\n\n\n\n<div class=\"wp-block-cover alignfull\" style=\"min-height:600px;aspect-ratio:unset;\"><span aria-hidden=\"true\" class=\"wp-block-cover__background has-nv-light-bg-background-color has-background-dim-100 has-background-dim\"><\/span><div class=\"wp-block-cover__inner-container is-layout-flow wp-block-cover-is-layout-flow\">\n<div class=\"wp-block-group\"><div class=\"wp-block-group__inner-container is-layout-flow wp-block-group-is-layout-flow\">\n<div style=\"height:80px\" aria-hidden=\"true\" class=\"wp-block-spacer\"><\/div>\n\n\n\n<div class=\"wp-block-columns are-vertically-aligned-center has-neve-text-color-color has-text-color is-layout-flex wp-container-core-columns-is-layout-9d6595d7 wp-block-columns-is-layout-flex\">\n<div class=\"wp-block-column is-vertically-aligned-center is-layout-flow wp-block-column-is-layout-flow\" style=\"flex-basis:50%\">\n<figure class=\"wp-block-image size-full\"><a href=\"https:\/\/www.gestursrl.com\/wp-content\/uploads\/2024\/03\/isola-lussino.jpg\"><img loading=\"lazy\" decoding=\"async\" width=\"600\" height=\"600\" src=\"https:\/\/www.gestursrl.com\/wp-content\/uploads\/2024\/03\/isola-lussino.jpg\" alt=\"\" class=\"wp-image-420\" srcset=\"https:\/\/www.gestursrl.com\/wp-content\/uploads\/2024\/03\/isola-lussino.jpg 600w, https:\/\/www.gestursrl.com\/wp-content\/uploads\/2024\/03\/isola-lussino-300x300.jpg 300w, https:\/\/www.gestursrl.com\/wp-content\/uploads\/2024\/03\/isola-lussino-150x150.jpg 150w\" sizes=\"auto, (max-width: 600px) 100vw, 600px\" \/><\/a><\/figure>\n<\/div>\n\n\n\n<div class=\"wp-block-column is-vertically-aligned-center is-layout-flow wp-block-column-is-layout-flow\" style=\"flex-basis:50%\">\n<p>Zu den Kompetenzen, die wir uns angeeignet haben, geh\u00f6rt auch unsere langj\u00e4hrige Erfahrung in Kroatien, wo wir von 2018 bis 2020 Sommerfl\u00fcge von der Insel Lo\u0161inj (Kvarner Bucht) aus durchgef\u00fchrt haben.<br><\/p>\n\n\n\n<p>W\u00e4hrend dieser Zeit haben wir die Insel Lo\u0161inj mit Linienpassagierfl\u00fcgen von Lugano, Venedig, Pula, Zagreb und Split im Auftrag einer gro\u00dfen Hotelkette verbunden.<\/p>\n<\/div>\n<\/div>\n\n\n\n<div style=\"height:40px\" aria-hidden=\"true\" class=\"wp-block-spacer\"><\/div>\n<\/div><\/div>\n<\/div><\/div>\n","protected":false},"excerpt":{"rendered":"","protected":false},"author":3,"featured_media":0,"parent":0,"menu_order":0,"comment_status":"closed","ping_status":"closed","template":"","meta":{"neve_meta_sidebar":"default","neve_meta_container":"default","neve_meta_enable_content_width":"on","neve_meta_content_width":100,"neve_meta_title_alignment":"","neve_meta_author_avatar":"","neve_post_elements_order":"","neve_meta_disable_header":"","neve_meta_disable_footer":"","neve_meta_disable_title":"on","_themeisle_gutenberg_block_has_review":false,"footnotes":""},"class_list":["post-656","page","type-page","status-publish","hentry"],"_links":{"self":[{"href":"https:\/\/www.gestursrl.com\/de\/wp-json\/wp\/v2\/pages\/656","targetHints":{"allow":["GET"]}}],"collection":[{"href":"https:\/\/www.gestursrl.com\/de\/wp-json\/wp\/v2\/pages"}],"about":[{"href":"https:\/\/www.gestursrl.com\/de\/wp-json\/wp\/v2\/types\/page"}],"author":[{"embeddable":true,"href":"https:\/\/www.gestursrl.com\/de\/wp-json\/wp\/v2\/users\/3"}],"replies":[{"embeddable":true,"href":"https:\/\/www.gestursrl.com\/de\/wp-json\/wp\/v2\/comments?post=656"}],"version-history":[{"count":5,"href":"https:\/\/www.gestursrl.com\/de\/wp-json\/wp\/v2\/pages\/656\/revisions"}],"predecessor-version":[{"id":670,"href":"https:\/\/www.gestursrl.com\/de\/wp-json\/wp\/v2\/pages\/656\/revisions\/670"}],"wp:attachment":[{"href":"https:\/\/www.gestursrl.com\/de\/wp-json\/wp\/v2\/media?parent=656"}],"curies":[{"name":"wp","href":"https:\/\/api.w.org\/{rel}","templated":true}]}}